{"id":2,"date":"2017-01-07T11:43:35","date_gmt":"2017-01-07T10:43:35","guid":{"rendered":"http:\/\/club.netkomp.net.pl\/?page_id=2"},"modified":"2018-08-10T18:35:43","modified_gmt":"2018-08-10T16:35:43","slug":"netkomp","status":"publish","type":"page","link":"http:\/\/club.netkomp.net.pl\/index.php\/netkomp\/","title":{"rendered":"Sponsor"},"content":{"rendered":"<div class=\"entry-content\">\n<p><span class=\"ff0 cf0 fs18\">Netkomp <\/span><span class=\"ff1 cf0 fs18\">rozpocz\u0119\u0142o swoja dzia\u0142alno\u015b\u0107 w 200<\/span><span class=\"ff0 cf0 fs18\">0<\/span><span class=\"ff1 cf0 fs18\">r. Od samego pocz\u0105tku, celem firmy jest dostarczanie wysokiej jako\u015bci us\u0142ug informatycznych. Specjalizujemy si\u0119 w informatycznej obs\u0142udze \u015brednich przedsi\u0119biorstw oraz \u015bwiadczeniu us\u0142ug outsourcingu IT i outsourcingu IOD.<br \/>\n<\/span><\/p>\n<p>Firma Netkomp ci\u0105gle udoskonala\u00a0swoje us\u0142ugi tak, aby by\u0107 konkurencyjn\u0105 na rynku. D\u0105\u017cy do tego, aby utrzyma\u0107 i\u00a0umocni\u0107 pozycj\u0119 na rynku. Nowym celem firmy jest rozszerzenie gamy proponowanych us\u0142ug tak aby sprosta\u0107 wzrastaj\u0105cym potrzebom klient\u00f3w. Personel firmy Netkomp to wykwalifikowany zesp\u00f3\u0142 specjalist\u00f3w z\u00a0dziedziny bezpiecze\u0144stwa system\u00f3w komputerowych. Wiedza i\u00a0do\u015bwiadczenie pracownik\u00f3w pozwalaj\u0105 na \u015bwiadczenie us\u0142ug na najwy\u017cszym poziomie.<\/p>\n<p><img loading=\"lazy\" class=\"alignnone size-full wp-image-227\" src=\"http:\/\/club.netkomp.net.pl\/wp-content\/uploads\/2017\/01\/logo.jpg\" alt=\"\" width=\"142\" height=\"71\" srcset=\"http:\/\/club.netkomp.net.pl\/wp-content\/uploads\/2017\/01\/logo.jpg 142w, http:\/\/club.netkomp.net.pl\/wp-content\/uploads\/2017\/01\/logo-2x1.jpg 2w\" sizes=\"(max-width: 142px) 100vw, 142px\" \/><\/p>\n<p>Zapraszamy <a href=\"http:\/\/www.netkomp.net.pl\">www.netkomp.net.pl<\/a><\/p>\n<p><a href=\"https:\/\/vod.netkomp.net.pl\/index.php\/oferta\/\"><img loading=\"lazy\" class=\"aligncenter wp-image-1032 size-large\" src=\"http:\/\/club.netkomp.net.pl\/wp-content\/uploads\/2018\/08\/oferta1-2-1024x688.png\" alt=\"\" width=\"654\" height=\"439\" srcset=\"http:\/\/club.netkomp.net.pl\/wp-content\/uploads\/2018\/08\/oferta1-2-1024x688.png 1024w, http:\/\/club.netkomp.net.pl\/wp-content\/uploads\/2018\/08\/oferta1-2-300x202.png 300w, http:\/\/club.netkomp.net.pl\/wp-content\/uploads\/2018\/08\/oferta1-2-768x516.png 768w, http:\/\/club.netkomp.net.pl\/wp-content\/uploads\/2018\/08\/oferta1-2-128x86.png 128w, http:\/\/club.netkomp.net.pl\/wp-content\/uploads\/2018\/08\/oferta1-2-32x22.png 32w, http:\/\/club.netkomp.net.pl\/wp-content\/uploads\/2018\/08\/oferta1-2-1x1.png 1w, http:\/\/club.netkomp.net.pl\/wp-content\/uploads\/2018\/08\/oferta1-2.png 1086w\" sizes=\"(max-width: 654px) 100vw, 654px\" \/><\/a><\/p>\n<\/div>\n","protected":false},"excerpt":{"rendered":"<p>Netkomp rozpocz\u0119\u0142o swoja dzia\u0142alno\u015b\u0107 w 2000r. Od samego pocz\u0105tku, celem firmy jest dostarczanie wysokiej jako\u015bci us\u0142ug informatycznych. Specjalizujemy si\u0119 w informatycznej obs\u0142udze \u015brednich przedsi\u0119biorstw oraz \u015bwiadczeniu us\u0142ug outsourcingu IT i outsourcingu IOD. Firma Netkomp ci\u0105gle udoskonala\u00a0swoje us\u0142ugi tak, aby by\u0107 konkurencyjn\u0105 na rynku. D\u0105\u017cy do tego, aby utrzyma\u0107 i\u00a0umocni\u0107 pozycj\u0119 na rynku. Nowym celem firmy [&hellip;]<\/p>\n","protected":false},"author":1,"featured_media":0,"parent":0,"menu_order":2,"comment_status":"closed","ping_status":"open","template":"","meta":[],"_links":{"self":[{"href":"http:\/\/club.netkomp.net.pl\/index.php\/wp-json\/wp\/v2\/pages\/2"}],"collection":[{"href":"http:\/\/club.netkomp.net.pl\/index.php\/wp-json\/wp\/v2\/pages"}],"about":[{"href":"http:\/\/club.netkomp.net.pl\/index.php\/wp-json\/wp\/v2\/types\/page"}],"author":[{"embeddable":true,"href":"http:\/\/club.netkomp.net.pl\/index.php\/wp-json\/wp\/v2\/users\/1"}],"replies":[{"embeddable":true,"href":"http:\/\/club.netkomp.net.pl\/index.php\/wp-json\/wp\/v2\/comments?post=2"}],"version-history":[{"count":4,"href":"http:\/\/club.netkomp.net.pl\/index.php\/wp-json\/wp\/v2\/pages\/2\/revisions"}],"predecessor-version":[{"id":1033,"href":"http:\/\/club.netkomp.net.pl\/index.php\/wp-json\/wp\/v2\/pages\/2\/revisions\/1033"}],"wp:attachment":[{"href":"http:\/\/club.netkomp.net.pl\/index.php\/wp-json\/wp\/v2\/media?parent=2"}],"curies":[{"name":"wp","href":"https:\/\/api.w.org\/{rel}","templated":true}]}}